{"id":3379,"date":"2024-06-04T14:09:40","date_gmt":"2024-06-04T14:09:40","guid":{"rendered":"https:\/\/melvic.es\/?page_id=3379"},"modified":"2025-06-20T16:21:29","modified_gmt":"2025-06-20T16:21:29","slug":"servicios","status":"publish","type":"page","link":"https:\/\/melvic.es\/index.php\/servicios\/","title":{"rendered":"Servicios"},"content":{"rendered":"\n<div class=\"wp-block-media-text is-stacked-on-mobile\" style=\"grid-template-columns:42% auto\"><figure class=\"wp-block-media-text__media\"><img loading=\"lazy\" decoding=\"async\" width=\"814\" height=\"584\" src=\"https:\/\/melvic.es\/wp-content\/uploads\/2024\/06\/melvic.jpeg\" alt=\"\" class=\"wp-image-3398 size-full\" srcset=\"https:\/\/melvic.es\/wp-content\/uploads\/2024\/06\/melvic.jpeg 814w, https:\/\/melvic.es\/wp-content\/uploads\/2024\/06\/melvic-300x215.jpeg 300w, https:\/\/melvic.es\/wp-content\/uploads\/2024\/06\/melvic-768x551.jpeg 768w\" sizes=\"auto, (max-width: 814px) 100vw, 814px\" \/><\/figure><div class=\"wp-block-media-text__content\">\n<ul class=\"wp-block-list\">\n<li><strong>Compra y venta de equipos<\/strong><br>Al por mayor y por menor, tanto a nivel nacional como internacional. Ordenadores, perif\u00e9ricos, componentes, equipos de telecomunicaciones, tel\u00e9fonos y videojuegos. Tambi\u00e9n ofrecemos repuestos y consumibles para estos.<\/li>\n\n\n\n<li><strong>Diagn\u00f3stico y reparaci\u00f3n<\/strong><br>Servicio t\u00e9cnico para ordenadores, m\u00e1quinas de oficina y otros dispositivos. Evaluaci\u00f3n, soluci\u00f3n de aver\u00edas y mantenimiento preventivo.<\/li>\n\n\n\n<li><strong>Instalaci\u00f3n de sistemas operativos<\/strong><br>Configuraci\u00f3n de sistemas Windows, Linux u otros, adaptados a tus necesidades.<\/li>\n\n\n\n<li><strong>Ciberseguridad<\/strong><br>Asesoramiento y soluciones para mantener tus datos, dispositivos y redes a salvo. Detecci\u00f3n de vulnerabilidades, eliminaci\u00f3n de malware, configuraci\u00f3n de cortafuegos, copias de seguridad y m\u00e1s.<\/li>\n\n\n\n<li><strong>Kit Digital<\/strong><br>Te ayudamos a acceder a las ayudas del Kit Digital y ponemos en marcha soluciones adaptadas a tu negocio. M\u00e1s detalles en: \u00ab<a href=\"https:\/\/melvic.es\/index.php\/kit-digital\/\" data-type=\"page\" data-id=\"3391\">Kit digital<\/a>\u00ab<\/li>\n\n\n\n<li><strong>Y mucho m\u00e1s<\/strong><br>Si necesitas algo espec\u00edfico, contacta con nosotros. Estaremos encantados de ayudarte.<\/li>\n<\/ul>\n<\/div><\/div>\n","protected":false},"excerpt":{"rendered":"","protected":false},"author":1,"featured_media":0,"parent":0,"menu_order":0,"comment_status":"closed","ping_status":"closed","template":"","meta":{"site-sidebar-layout":"default","site-content-layout":"","ast-site-content-layout":"default","site-content-style":"default","site-sidebar-style":"default","ast-global-header-display":"","ast-banner-title-visibility":"","ast-main-header-display":"","ast-hfb-above-header-display":"","ast-hfb-below-header-display":"","ast-hfb-mobile-header-display":"","site-post-title":"","ast-breadcrumbs-content":"","ast-featured-img":"","footer-sml-layout":"","theme-transparent-header-meta":"","adv-header-id-meta":"","stick-header-meta":"","header-above-stick-meta":"","header-main-stick-meta":"","header-below-stick-meta":"","astra-migrate-meta-layouts":"default","ast-page-background-enabled":"default","ast-page-background-meta":{"desktop":{"background-color":"var(--ast-global-color-4)","background-image":"","background-repeat":"repeat","background-position":"center center","background-size":"auto","background-attachment":"scroll","background-type":"","background-media":"","overlay-type":"","overlay-color":"","overlay-opacity":"","overlay-gradient":""},"tablet":{"background-color":"","background-image":"","background-repeat":"repeat","background-position":"center center","background-size":"auto","background-attachment":"scroll","background-type":"","background-media":"","overlay-type":"","overlay-color":"","overlay-opacity":"","overlay-gradient":""},"mobile":{"background-color":"","background-image":"","background-repeat":"repeat","background-position":"center center","background-size":"auto","background-attachment":"scroll","background-type":"","background-media":"","overlay-type":"","overlay-color":"","overlay-opacity":"","overlay-gradient":""}},"ast-content-background-meta":{"desktop":{"background-color":"var(--ast-global-color-5)","background-image":"","background-repeat":"repeat","background-position":"center center","background-size":"auto","background-attachment":"scroll","background-type":"","background-media":"","overlay-type":"","overlay-color":"","overlay-opacity":"","overlay-gradient":""},"tablet":{"background-color":"var(--ast-global-color-5)","background-image":"","background-repeat":"repeat","background-position":"center center","background-size":"auto","background-attachment":"scroll","background-type":"","background-media":"","overlay-type":"","overlay-color":"","overlay-opacity":"","overlay-gradient":""},"mobile":{"background-color":"var(--ast-global-color-5)","background-image":"","background-repeat":"repeat","background-position":"center center","background-size":"auto","background-attachment":"scroll","background-type":"","background-media":"","overlay-type":"","overlay-color":"","overlay-opacity":"","overlay-gradient":""}},"footnotes":""},"class_list":["post-3379","page","type-page","status-publish","hentry"],"_links":{"self":[{"href":"https:\/\/melvic.es\/index.php\/wp-json\/wp\/v2\/pages\/3379","targetHints":{"allow":["GET"]}}],"collection":[{"href":"https:\/\/melvic.es\/index.php\/wp-json\/wp\/v2\/pages"}],"about":[{"href":"https:\/\/melvic.es\/index.php\/wp-json\/wp\/v2\/types\/page"}],"author":[{"embeddable":true,"href":"https:\/\/melvic.es\/index.php\/wp-json\/wp\/v2\/users\/1"}],"replies":[{"embeddable":true,"href":"https:\/\/melvic.es\/index.php\/wp-json\/wp\/v2\/comments?post=3379"}],"version-history":[{"count":4,"href":"https:\/\/melvic.es\/index.php\/wp-json\/wp\/v2\/pages\/3379\/revisions"}],"predecessor-version":[{"id":3422,"href":"https:\/\/melvic.es\/index.php\/wp-json\/wp\/v2\/pages\/3379\/revisions\/3422"}],"wp:attachment":[{"href":"https:\/\/melvic.es\/index.php\/wp-json\/wp\/v2\/media?parent=3379"}],"curies":[{"name":"wp","href":"https:\/\/api.w.org\/{rel}","templated":true}]}}