{"id":3502,"date":"2026-02-09T17:05:35","date_gmt":"2026-02-09T17:05:35","guid":{"rendered":"https:\/\/melvic.es\/?page_id=3502"},"modified":"2026-02-09T17:07:01","modified_gmt":"2026-02-09T17:07:01","slug":"obligacion-de-publicidad-y-difusion-ayudas","status":"publish","type":"page","link":"https:\/\/melvic.es\/index.php\/obligacion-de-publicidad-y-difusion-ayudas\/","title":{"rendered":"Obligaci\u00f3n de publicidad y difusi\u00f3n ayudas"},"content":{"rendered":"\n<p class=\"has-text-align-left\"><strong>INFORMATICA MELVIC, S.R.L.<\/strong> ha recibido el apoyo de un proyecto por parte de la CONSELLERIA DE INNOVACI\u00d3N, INDUSTRIA, COMERCIO Y TURISMO dentro de la convocatoria \u201c<em>Subvenciones para personas emprendedoras y pymes en apoyo al inicio y consolidaci\u00f3n de su proyecto empresarial\u201d<\/em> con n\u00famero de expediente <strong>EMPYME\/2025\/804<\/strong>.<\/p>\n\n\n\n<p class=\"has-text-align-left\">El objetivo del proyecto ha consistido en poner de manifiesto la estrategia para la consolidaci\u00f3n empresarial de la compa\u00f1\u00eda en sectores de actividad en auge que ofrecen oportunidades de futuro.<\/p>\n\n\n\n<p class=\"has-text-align-left\">La subvenci\u00f3n concedida a este proyecto por la CONSELLERIA DE INNOVACI\u00d3N, INDUSTRIA, COMERCIO Y TURISMO asciende a <strong>14.316,67 \u20ac<\/strong>.<\/p>\n\n\n\n<figure class=\"wp-block-image aligncenter size-full is-resized\"><img loading=\"lazy\" decoding=\"async\" width=\"831\" height=\"406\" src=\"https:\/\/melvic.es\/wp-content\/uploads\/2026\/02\/image-1.png\" alt=\"\" class=\"wp-image-3504\" style=\"width:438px;height:auto\" srcset=\"https:\/\/melvic.es\/wp-content\/uploads\/2026\/02\/image-1.png 831w, https:\/\/melvic.es\/wp-content\/uploads\/2026\/02\/image-1-300x147.png 300w, https:\/\/melvic.es\/wp-content\/uploads\/2026\/02\/image-1-768x375.png 768w\" sizes=\"auto, (max-width: 831px) 100vw, 831px\" \/><\/figure>\n","protected":false},"excerpt":{"rendered":"<p>INFORMATICA MELVIC, S.R.L. ha recibido el apoyo de un proyecto por parte de la CONSELLERIA DE INNOVACI\u00d3N, INDUSTRIA, COMERCIO Y [&hellip;]<\/p>\n","protected":false},"author":1,"featured_media":0,"parent":0,"menu_order":0,"comment_status":"closed","ping_status":"closed","template":"","meta":{"site-sidebar-layout":"default","site-content-layout":"","ast-site-content-layout":"default","site-content-style":"default","site-sidebar-style":"default","ast-global-header-display":"","ast-banner-title-visibility":"","ast-main-header-display":"","ast-hfb-above-header-display":"","ast-hfb-below-header-display":"","ast-hfb-mobile-header-display":"","site-post-title":"","ast-breadcrumbs-content":"","ast-featured-img":"","footer-sml-layout":"","theme-transparent-header-meta":"","adv-header-id-meta":"","stick-header-meta":"","header-above-stick-meta":"","header-main-stick-meta":"","header-below-stick-meta":"","astra-migrate-meta-layouts":"default","ast-page-background-enabled":"default","ast-page-background-meta":{"desktop":{"background-color":"var(--ast-global-color-4)","background-image":"","background-repeat":"repeat","background-position":"center center","background-size":"auto","background-attachment":"scroll","background-type":"","background-media":"","overlay-type":"","overlay-color":"","overlay-opacity":"","overlay-gradient":""},"tablet":{"background-color":"","background-image":"","background-repeat":"repeat","background-position":"center center","background-size":"auto","background-attachment":"scroll","background-type":"","background-media":"","overlay-type":"","overlay-color":"","overlay-opacity":"","overlay-gradient":""},"mobile":{"background-color":"","background-image":"","background-repeat":"repeat","background-position":"center center","background-size":"auto","background-attachment":"scroll","background-type":"","background-media":"","overlay-type":"","overlay-color":"","overlay-opacity":"","overlay-gradient":""}},"ast-content-background-meta":{"desktop":{"background-color":"var(--ast-global-color-5)","background-image":"","background-repeat":"repeat","background-position":"center center","background-size":"auto","background-attachment":"scroll","background-type":"","background-media":"","overlay-type":"","overlay-color":"","overlay-opacity":"","overlay-gradient":""},"tablet":{"background-color":"var(--ast-global-color-5)","background-image":"","background-repeat":"repeat","background-position":"center center","background-size":"auto","background-attachment":"scroll","background-type":"","background-media":"","overlay-type":"","overlay-color":"","overlay-opacity":"","overlay-gradient":""},"mobile":{"background-color":"var(--ast-global-color-5)","background-image":"","background-repeat":"repeat","background-position":"center center","background-size":"auto","background-attachment":"scroll","background-type":"","background-media":"","overlay-type":"","overlay-color":"","overlay-opacity":"","overlay-gradient":""}},"footnotes":""},"class_list":["post-3502","page","type-page","status-publish","hentry"],"_links":{"self":[{"href":"https:\/\/melvic.es\/index.php\/wp-json\/wp\/v2\/pages\/3502","targetHints":{"allow":["GET"]}}],"collection":[{"href":"https:\/\/melvic.es\/index.php\/wp-json\/wp\/v2\/pages"}],"about":[{"href":"https:\/\/melvic.es\/index.php\/wp-json\/wp\/v2\/types\/page"}],"author":[{"embeddable":true,"href":"https:\/\/melvic.es\/index.php\/wp-json\/wp\/v2\/users\/1"}],"replies":[{"embeddable":true,"href":"https:\/\/melvic.es\/index.php\/wp-json\/wp\/v2\/comments?post=3502"}],"version-history":[{"count":2,"href":"https:\/\/melvic.es\/index.php\/wp-json\/wp\/v2\/pages\/3502\/revisions"}],"predecessor-version":[{"id":3507,"href":"https:\/\/melvic.es\/index.php\/wp-json\/wp\/v2\/pages\/3502\/revisions\/3507"}],"wp:attachment":[{"href":"https:\/\/melvic.es\/index.php\/wp-json\/wp\/v2\/media?parent=3502"}],"curies":[{"name":"wp","href":"https:\/\/api.w.org\/{rel}","templated":true}]}}