{"id":3519,"date":"2026-02-10T12:41:21","date_gmt":"2026-02-10T12:41:21","guid":{"rendered":"https:\/\/melvic.es\/?page_id=3519"},"modified":"2026-02-10T12:41:21","modified_gmt":"2026-02-10T12:41:21","slug":"politica-de-privacidad","status":"publish","type":"page","link":"https:\/\/melvic.es\/index.php\/politica-de-privacidad\/","title":{"rendered":"Pol\u00edtica de Privacidad"},"content":{"rendered":"\n<h2 class=\"wp-block-heading\">Pol\u00edtica de Privacidad<\/h2>\n\n\n\n<p><strong>INTRODUCCI\u00d3N<\/strong><\/p>\n\n\n\n<p>En INFORMATICA MELVIC, S.R.L., sensibilizados con las necesidades de los usuarios de Internet y conscientes de la importancia de la rigurosa privacidad de la informaci\u00f3n personal que nos conf\u00edan, incluimos esta declaraci\u00f3n de privacidad con el objeto de que seas consciente de la pol\u00edtica en el tratamiento de los datos personales que obtiene de sus visitantes y usuarios.<\/p>\n\n\n\n<p>Como usuario, aceptas estas condiciones por el mero hecho de leer, visualizar o navegar en el sitio. De no aceptarlas, debes abandonar el sitio, sin hacer uso alguno de \u00e9l y su contenido, y sin acceder a las p\u00e1ginas enlazadas.<\/p>\n\n\n\n<p><strong>RESPONSABLE DEL TRATAMIENTO DE DATOS<\/strong><\/p>\n\n\n\n<p>El titular del sitio y responsable del tratamiento de datos es INFORMATICA MELVIC, S.R.L., con CIF\/NIF B01945591, para contactar puedes utilizar la direcci\u00f3n de correo electr\u00f3nico <a href=\"mailto:informatica@melvic.es\">informatica@melvic.es, <\/a>el tel\u00e9fono 962191100 o correo postal a C\/SEGURA, 24, 46620, AYORA, VALENCIA.<\/p>\n\n\n\n<p><strong>FINALIDAD DEL TRATAMIENTO DE DATOS<\/strong><\/p>\n\n\n\n<p>En nuestro sitio web tratamos datos de car\u00e1cter personal que el usuario nos facilita a trav\u00e9s del formulario Contacto. Estos datos tienen la finalidad de remitirle la informaci\u00f3n solicitada y resolver las dudas que nos pueda plantear, as\u00ed como para enviarle comunicaciones electr\u00f3nicas relativas a nuestros servicios, si nos ha dado su consentimiento expresamente.<\/p>\n\n\n\n<p>Los datos se almacenar\u00e1n mientras exista previsi\u00f3n de su uso para el fin por el que fueron recabados.<\/p>\n\n\n\n<p>INFORMATICA MELVIC, S.R.L. est\u00e1 presente en internet para informar sobre sus servicios, as\u00ed cualquier otra actividad que realicemos y queramos darle publicidad, pero en ning\u00fan momento obtendremos de estas redes sociales datos personales de usuarios que interact\u00faen en ellas, a menos que haya autorizaci\u00f3n expresa.<\/p>\n\n\n\n<p>No se realizan tomas de decisiones automatizadas con tus datos. La web puede utilizar cookies, consulta nuestra pol\u00edtica de cookies.<\/p>\n\n\n\n<p><strong>LEGITIMACI\u00d3N DEL TRATAMIENTO DE DATOS<\/strong><\/p>\n\n\n\n<p>El uso de tus datos se realiza porque nos das tu consentimiento para usar los que nos proporcionas en los formularios para un uso espec\u00edfico que se indica en cada uno de ellos. Tus datos solo son necesarios para los usos concretos por los que se te solicitan, si no nos los facilitas, esos servicios no son posibles.<\/p>\n\n\n\n<p><strong>TRANSFERENCIAS Y CESIONES DE DATOS<\/strong><\/p>\n\n\n\n<p>Existe un compromiso firme por nuestra parte de que los datos que proporcione a INFORMATICA MELVIC, S. R.L., no ser\u00e1n vendidos ni cedidos a terceras personas sin el previo consentimiento del interesado bajo ning\u00fan concepto o circunstancia, salvo consentimiento expreso u obligaci\u00f3n legal.<\/p>\n\n\n\n<p>Nuestro sitio web contiene enlaces hacia sitios web de terceros. INFORMATICA MELVIC, S.R.L. no se hace responsable por las pol\u00edticas y pr\u00e1cticas de privacidad de estos otros sitios.<\/p>\n\n\n\n<p><strong>DERECHOS DE LOS INTERESADOS<\/strong><\/p>\n\n\n\n<p>Tienes el derecho de acceder a la informaci\u00f3n que sobre tu persona est\u00e1 almacenada en nuestras bases de datos, rectificarla si existiera alguna errata, suprimirla, limitarla, oponerte a su tratamiento y retirar tu consentimiento si ese es tu deseo. Para ello simplemente debes escribir un e-mail a la direcci\u00f3n de correo electr\u00f3nico <a href=\"mailto:informatica@melvic.es\">informatica@melvic.es <\/a>donde te atenderemos gustosamente cualquier consulta, comentario o aclaraci\u00f3n requerida al respecto.<\/p>\n\n\n\n<p>Para mayor informaci\u00f3n sobre temas relacionados, el sitio de referencia en la Red espa\u00f1ola es la Agencia de Protecci\u00f3n de Datos, donde tienes derecho a reclamar.<\/p>\n\n\n\n<p><strong>SEGURIDAD Y CONFIDENCIALIDAD DE SUS DATOS<\/strong><\/p>\n\n\n\n<p>En INFORMATICA MELVIC, S.R.L. hemos adoptado todas las medidas necesarias de \u00edndole t\u00e9cnica y organizativa, para garantizar la seguridad de los datos personales que nos ha suministrado. Todo ello para evitar la alteraci\u00f3n, perdida o tratamientos no autorizados, tal y como exige la normativa, si bien la seguridad absoluta no existe.<\/p>\n\n\n\n<p>De la misma forma, el personal de INFORMATICA MELVIC, S.R.L. ha adoptado el compromiso de tratar sus datos con el m\u00e1ximo celo y confidencialidad.<\/p>\n\n\n\n<p><\/p>\n","protected":false},"excerpt":{"rendered":"<p>Pol\u00edtica de Privacidad INTRODUCCI\u00d3N En INFORMATICA MELVIC, S.R.L., sensibilizados con las necesidades de los usuarios de Internet y conscientes de [&hellip;]<\/p>\n","protected":false},"author":1,"featured_media":0,"parent":0,"menu_order":0,"comment_status":"closed","ping_status":"closed","template":"","meta":{"site-sidebar-layout":"default","site-content-layout":"","ast-site-content-layout":"default","site-content-style":"default","site-sidebar-style":"default","ast-global-header-display":"","ast-banner-title-visibility":"","ast-main-header-display":"","ast-hfb-above-header-display":"","ast-hfb-below-header-display":"","ast-hfb-mobile-header-display":"","site-post-title":"","ast-breadcrumbs-content":"","ast-featured-img":"","footer-sml-layout":"","theme-transparent-header-meta":"","adv-header-id-meta":"","stick-header-meta":"","header-above-stick-meta":"","header-main-stick-meta":"","header-below-stick-meta":"","astra-migrate-meta-layouts":"default","ast-page-background-enabled":"default","ast-page-background-meta":{"desktop":{"background-color":"var(--ast-global-color-4)","background-image":"","background-repeat":"repeat","background-position":"center center","background-size":"auto","background-attachment":"scroll","background-type":"","background-media":"","overlay-type":"","overlay-color":"","overlay-opacity":"","overlay-gradient":""},"tablet":{"background-color":"","background-image":"","background-repeat":"repeat","background-position":"center center","background-size":"auto","background-attachment":"scroll","background-type":"","background-media":"","overlay-type":"","overlay-color":"","overlay-opacity":"","overlay-gradient":""},"mobile":{"background-color":"","background-image":"","background-repeat":"repeat","background-position":"center center","background-size":"auto","background-attachment":"scroll","background-type":"","background-media":"","overlay-type":"","overlay-color":"","overlay-opacity":"","overlay-gradient":""}},"ast-content-background-meta":{"desktop":{"background-color":"var(--ast-global-color-5)","background-image":"","background-repeat":"repeat","background-position":"center center","background-size":"auto","background-attachment":"scroll","background-type":"","background-media":"","overlay-type":"","overlay-color":"","overlay-opacity":"","overlay-gradient":""},"tablet":{"background-color":"var(--ast-global-color-5)","background-image":"","background-repeat":"repeat","background-position":"center center","background-size":"auto","background-attachment":"scroll","background-type":"","background-media":"","overlay-type":"","overlay-color":"","overlay-opacity":"","overlay-gradient":""},"mobile":{"background-color":"var(--ast-global-color-5)","background-image":"","background-repeat":"repeat","background-position":"center center","background-size":"auto","background-attachment":"scroll","background-type":"","background-media":"","overlay-type":"","overlay-color":"","overlay-opacity":"","overlay-gradient":""}},"footnotes":""},"class_list":["post-3519","page","type-page","status-publish","hentry"],"_links":{"self":[{"href":"https:\/\/melvic.es\/index.php\/wp-json\/wp\/v2\/pages\/3519","targetHints":{"allow":["GET"]}}],"collection":[{"href":"https:\/\/melvic.es\/index.php\/wp-json\/wp\/v2\/pages"}],"about":[{"href":"https:\/\/melvic.es\/index.php\/wp-json\/wp\/v2\/types\/page"}],"author":[{"embeddable":true,"href":"https:\/\/melvic.es\/index.php\/wp-json\/wp\/v2\/users\/1"}],"replies":[{"embeddable":true,"href":"https:\/\/melvic.es\/index.php\/wp-json\/wp\/v2\/comments?post=3519"}],"version-history":[{"count":1,"href":"https:\/\/melvic.es\/index.php\/wp-json\/wp\/v2\/pages\/3519\/revisions"}],"predecessor-version":[{"id":3520,"href":"https:\/\/melvic.es\/index.php\/wp-json\/wp\/v2\/pages\/3519\/revisions\/3520"}],"wp:attachment":[{"href":"https:\/\/melvic.es\/index.php\/wp-json\/wp\/v2\/media?parent=3519"}],"curies":[{"name":"wp","href":"https:\/\/api.w.org\/{rel}","templated":true}]}}